{"id":22056,"date":"2026-04-16T20:53:25","date_gmt":"2026-04-16T18:53:25","guid":{"rendered":"https:\/\/alertasecurity.com.pe\/store\/?post_type=product&#038;p=22056"},"modified":"2026-04-16T20:53:27","modified_gmt":"2026-04-16T18:53:27","slug":"conserjeria-kam-d340","status":"publish","type":"product","link":"https:\/\/alertasecurity.com.pe\/store\/product\/conserjeria-kam-d340\/","title":{"rendered":"Conserjer\u00eda KAM-D340"},"content":{"rendered":"<h3>Conserjer\u00eda KAM-D340<\/h3>\n<ul>\n<li>Central de Conserjer\u00eda con pantalla color.<\/li>\n<li>Conexi\u00f3n hasta 500 puntos.<\/li>\n<li>Sistema Digital codificado.<\/li>\n<li>Directo a 220v.<\/li>\n<\/ul>\n","protected":false},"excerpt":{"rendered":"<p>Conserjer\u00eda KAM-D340 Central de Conserjer\u00eda con pantalla color. Conexi\u00f3n hasta 500 puntos. Sistema Digital codificado. Directo a 220v.<\/p>\n","protected":false},"featured_media":0,"comment_status":"closed","ping_status":"closed","template":"","meta":{"rs_blank_template":"","rs_page_bg_color":"","slide_template_v7":""},"product_brand":[],"product_cat":[243,335],"product_tag":[],"class_list":{"0":"post-22056","1":"product","2":"type-product","3":"status-publish","5":"product_cat-control-de-accesos","6":"product_cat-intercomunicadores","8":"first","9":"instock","10":"shipping-taxable","11":"purchasable","12":"product-type-simple"},"_links":{"self":[{"href":"https:\/\/alertasecurity.com.pe\/store\/wp-json\/wp\/v2\/product\/22056","targetHints":{"allow":["GET"]}}],"collection":[{"href":"https:\/\/alertasecurity.com.pe\/store\/wp-json\/wp\/v2\/product"}],"about":[{"href":"https:\/\/alertasecurity.com.pe\/store\/wp-json\/wp\/v2\/types\/product"}],"replies":[{"embeddable":true,"href":"https:\/\/alertasecurity.com.pe\/store\/wp-json\/wp\/v2\/comments?post=22056"}],"version-history":[{"count":1,"href":"https:\/\/alertasecurity.com.pe\/store\/wp-json\/wp\/v2\/product\/22056\/revisions"}],"predecessor-version":[{"id":22086,"href":"https:\/\/alertasecurity.com.pe\/store\/wp-json\/wp\/v2\/product\/22056\/revisions\/22086"}],"wp:attachment":[{"href":"https:\/\/alertasecurity.com.pe\/store\/wp-json\/wp\/v2\/media?parent=22056"}],"wp:term":[{"taxonomy":"product_brand","embeddable":true,"href":"https:\/\/alertasecurity.com.pe\/store\/wp-json\/wp\/v2\/product_brand?post=22056"},{"taxonomy":"product_cat","embeddable":true,"href":"https:\/\/alertasecurity.com.pe\/store\/wp-json\/wp\/v2\/product_cat?post=22056"},{"taxonomy":"product_tag","embeddable":true,"href":"https:\/\/alertasecurity.com.pe\/store\/wp-json\/wp\/v2\/product_tag?post=22056"}],"curies":[{"name":"wp","href":"https:\/\/api.w.org\/{rel}","templated":true}]}}