{"id":21890,"date":"2026-04-16T20:53:09","date_gmt":"2026-04-16T18:53:09","guid":{"rendered":"https:\/\/alertasecurity.com.pe\/store\/?post_type=product&#038;p=21890"},"modified":"2026-04-16T20:53:12","modified_gmt":"2026-04-16T18:53:12","slug":"xx-control-acceso-asistencia-exteriorsoporta-poeip65audio-bidirec1500-rostros3000-tarj-em-2","status":"publish","type":"product","link":"https:\/\/alertasecurity.com.pe\/store\/product\/xx-control-acceso-asistencia-exteriorsoporta-poeip65audio-bidirec1500-rostros3000-tarj-em-2\/","title":{"rendered":"XX CONTROL ACCESO ASISTENCIA EXTERIOR|SOPORTA PoE|IP65|AUDIO BIDIREC|1,500 ROSTROS|3,000 TARJ EM (2)"},"content":{"rendered":"\n<p><span style=\"font-size: 18px\"><strong>Terminal de reconocimiento facial\u00a0\u00a0<\/strong><\/span><\/p>\n<ul>\n<li>Capacidad m\u00e1xima de 1500 caras y tarjetas m\u00e1ximas de 3000\u00a0\u00a0<\/li>\n<li>Terminal de reconocimiento facial, pantalla t\u00e1ctil LCD de 4,3 pulgadas, lente gran angular de 2 megap\u00edxeles, m\u00f3dulo de lectura de tarjetas EM incorporado\u00a0\u00a0<\/li>\n<li>Audio bidireccional con software cliente, estaci\u00f3n interior y estaci\u00f3n principal; Soporta TCP\/IP\u00a0\u00a0<\/li>\n<li>Soporta ISAPI, ISUP5.0\u00a0\u00a0<\/li>\n<li>Configuraci\u00f3n a trav\u00e9s del cliente web\u00a0\u00a0<\/li>\n<li>Distancia de reconocimiento facial: 0,3 ma 1,5 m; Duraci\u00f3n &lt; 0,2 s\/usuario; Tasa de precisi\u00f3n \u2265 99%\u00a0\u00a0<\/li>\n<li>Admite reconocimiento facial con m\u00e1scara\u00a0\u00a0<\/li>\n<li>Alimentaci\u00f3n mediante PoE est\u00e1ndar y al mismo tiempo alimentaci\u00f3n para cerradura de puerta (12 VDC\/1 A)\u00a0\u00a0<\/li>\n<li>Admite PIN personal aplicado en la plataforma y PIN personal establecido en el dispositivo<\/li>\n<\/ul>\n<p><\/p>\n","protected":false},"excerpt":{"rendered":"<p><a target=\"_blank\" href=\"https:\/\/drive.google.com\/file\/d\/1iLtLAbKSYx-KVDLaIG4OKrQWpcXYinF_\/view?usp=drive_link\"><u>Ver Ficha T&eacute;cnica pdf<\/u><\/a><\/p>\n","protected":false},"featured_media":0,"comment_status":"closed","ping_status":"closed","template":"","meta":{"rs_blank_template":"","rs_page_bg_color":"","slide_template_v7":""},"product_brand":[],"product_cat":[243,290],"product_tag":[],"class_list":{"0":"post-21890","1":"product","2":"type-product","3":"status-publish","5":"product_cat-control-de-accesos","6":"product_cat-terminales","8":"first","9":"instock","10":"shipping-taxable","11":"purchasable","12":"product-type-simple"},"_links":{"self":[{"href":"https:\/\/alertasecurity.com.pe\/store\/wp-json\/wp\/v2\/product\/21890","targetHints":{"allow":["GET"]}}],"collection":[{"href":"https:\/\/alertasecurity.com.pe\/store\/wp-json\/wp\/v2\/product"}],"about":[{"href":"https:\/\/alertasecurity.com.pe\/store\/wp-json\/wp\/v2\/types\/product"}],"replies":[{"embeddable":true,"href":"https:\/\/alertasecurity.com.pe\/store\/wp-json\/wp\/v2\/comments?post=21890"}],"version-history":[{"count":1,"href":"https:\/\/alertasecurity.com.pe\/store\/wp-json\/wp\/v2\/product\/21890\/revisions"}],"predecessor-version":[{"id":21920,"href":"https:\/\/alertasecurity.com.pe\/store\/wp-json\/wp\/v2\/product\/21890\/revisions\/21920"}],"wp:attachment":[{"href":"https:\/\/alertasecurity.com.pe\/store\/wp-json\/wp\/v2\/media?parent=21890"}],"wp:term":[{"taxonomy":"product_brand","embeddable":true,"href":"https:\/\/alertasecurity.com.pe\/store\/wp-json\/wp\/v2\/product_brand?post=21890"},{"taxonomy":"product_cat","embeddable":true,"href":"https:\/\/alertasecurity.com.pe\/store\/wp-json\/wp\/v2\/product_cat?post=21890"},{"taxonomy":"product_tag","embeddable":true,"href":"https:\/\/alertasecurity.com.pe\/store\/wp-json\/wp\/v2\/product_tag?post=21890"}],"curies":[{"name":"wp","href":"https:\/\/api.w.org\/{rel}","templated":true}]}}