{"id":20711,"date":"2026-04-16T20:51:09","date_gmt":"2026-04-16T18:51:09","guid":{"rendered":"https:\/\/alertasecurity.com.pe\/store\/?post_type=product&#038;p=20711"},"modified":"2026-04-16T20:51:12","modified_gmt":"2026-04-16T18:51:12","slug":"detector-digital-de-golpes-shocktec-risco","status":"publish","type":"product","link":"https:\/\/alertasecurity.com.pe\/store\/product\/detector-digital-de-golpes-shocktec-risco\/","title":{"rendered":"DETECTOR DIGITAL DE GOLPES ShockTec\u2122 RISCO"},"content":{"rendered":"<h3>DETECTOR DIGITAL DE GOLPES ShockTec\u2122 RISCO<\/h3>\n<ul>\n<li>Microprocesador inteligente de la Se\u00f1al Digital.<\/li>\n<li>Sensor piezoel\u00e9ctrico encapsulado bi-morfo.<\/li>\n<li>Detecci\u00f3n de Ataque Bruto.<\/li>\n<li>Sensibilidad ajustable.<\/li>\n<li>Ideal para ventanas, puertas, paredes y techos.<\/li>\n<li>Rango de detecci\u00f3n por Superficie (Radio) : Concreto: 1.5 mt \/ Pared de Ladrillo: 2.5 mt \/ Acero: 3 mt \/ Vidrio: 3.5 mt \/ Madera: 3.5 mt \/ Madera Contrachapada: 4 mt.<\/li>\n<\/ul>\n","protected":false},"excerpt":{"rendered":"<p>El ShockTec\u2122 es un detector digital de golpes que proporciona una protecci\u00f3n perimetral las 24 horas del d\u00eda.<\/p>\n<p>El ataque es detectado tan pronto el intruso intenta forzar, romper, perforar o incluso ver a trav\u00e9s de la ventana, puerta, pared o techo protegidos.<\/p>\n<p>El ShockTec\u2122 utiliza un avanzado microprocesador digital para analizar la se\u00f1al de vibraci\u00f3n recibida desde el sensor piezoel\u00e9ctrico.<\/p>\n<p>El muestreo digital de la se\u00f1al simult\u00e1neamente en dos canales distintos, cada uno amplificado con diferente ganancia, es una caracter\u00edstica \u00fanica del ShockTec\u2122 600S. Esto proporciona un enorme alcance din\u00e1mico de la se\u00f1al muestreada, lo que permite la medici\u00f3n precisa y el an\u00e1lisis de la se\u00f1al de los golpes.<\/p>\n","protected":false},"featured_media":0,"comment_status":"closed","ping_status":"closed","template":"","meta":{"rs_blank_template":"","rs_page_bg_color":"","slide_template_v7":""},"product_brand":[],"product_cat":[241,288],"product_tag":[],"class_list":{"0":"post-20711","1":"product","2":"type-product","3":"status-publish","5":"product_cat-alarmas-contra-robos","6":"product_cat-alarmas-y-sensores","8":"first","9":"instock","10":"sale","11":"shipping-taxable","12":"purchasable","13":"product-type-simple"},"_links":{"self":[{"href":"https:\/\/alertasecurity.com.pe\/store\/wp-json\/wp\/v2\/product\/20711","targetHints":{"allow":["GET"]}}],"collection":[{"href":"https:\/\/alertasecurity.com.pe\/store\/wp-json\/wp\/v2\/product"}],"about":[{"href":"https:\/\/alertasecurity.com.pe\/store\/wp-json\/wp\/v2\/types\/product"}],"replies":[{"embeddable":true,"href":"https:\/\/alertasecurity.com.pe\/store\/wp-json\/wp\/v2\/comments?post=20711"}],"version-history":[{"count":1,"href":"https:\/\/alertasecurity.com.pe\/store\/wp-json\/wp\/v2\/product\/20711\/revisions"}],"predecessor-version":[{"id":20741,"href":"https:\/\/alertasecurity.com.pe\/store\/wp-json\/wp\/v2\/product\/20711\/revisions\/20741"}],"wp:attachment":[{"href":"https:\/\/alertasecurity.com.pe\/store\/wp-json\/wp\/v2\/media?parent=20711"}],"wp:term":[{"taxonomy":"product_brand","embeddable":true,"href":"https:\/\/alertasecurity.com.pe\/store\/wp-json\/wp\/v2\/product_brand?post=20711"},{"taxonomy":"product_cat","embeddable":true,"href":"https:\/\/alertasecurity.com.pe\/store\/wp-json\/wp\/v2\/product_cat?post=20711"},{"taxonomy":"product_tag","embeddable":true,"href":"https:\/\/alertasecurity.com.pe\/store\/wp-json\/wp\/v2\/product_tag?post=20711"}],"curies":[{"name":"wp","href":"https:\/\/api.w.org\/{rel}","templated":true}]}}