{"id":20670,"date":"2026-04-16T20:51:04","date_gmt":"2026-04-16T18:51:04","guid":{"rendered":"https:\/\/alertasecurity.com.pe\/store\/?post_type=product&#038;p=20670"},"modified":"2026-04-16T20:51:07","modified_gmt":"2026-04-16T18:51:07","slug":"kit-inalambrico-lightsys-2","status":"publish","type":"product","link":"https:\/\/alertasecurity.com.pe\/store\/product\/kit-inalambrico-lightsys-2\/","title":{"rendered":"Kit Inal\u00e1mbrico LightSYS 2"},"content":{"rendered":"<h2>Kit Inal\u00e1mbrico LightSYS 2<\/h2>\n<ul>\n<li>1 Tarjeta electr\u00f3nica de 8 zonas.<\/li>\n<li>1 Teclado LCD.<\/li>\n<li>1 Receptor Inal\u00e1mbrico Risco.<\/li>\n<li>1 Contacto inal\u00e1mbrico Risco.<\/li>\n<li>1 PIR inal\u00e1mbrico.<\/li>\n<li>1 Llavero Risco.<\/li>\n<li>1 Bocina de 30w (Parlante).<\/li>\n<li>1 Bater\u00eda de 12V\/4Ah.<\/li>\n<\/ul>\n","protected":false},"excerpt":{"rendered":"<p>Kit Inal\u00e1mbrico LightSYS 2 1 Tarjeta electr\u00f3nica de 8 zonas. 1 Teclado LCD. 1 Receptor Inal\u00e1mbrico Risco. 1 Contacto inal\u00e1mbrico<\/p>\n","protected":false},"featured_media":0,"comment_status":"closed","ping_status":"closed","template":"","meta":{"rs_blank_template":"","rs_page_bg_color":"","slide_template_v7":""},"product_brand":[],"product_cat":[241,294],"product_tag":[],"class_list":{"0":"post-20670","1":"product","2":"type-product","3":"status-publish","5":"product_cat-alarmas-contra-robos","6":"product_cat-kits-alarmas-contra-robos","8":"first","9":"instock","10":"sale","11":"shipping-taxable","12":"purchasable","13":"product-type-simple"},"_links":{"self":[{"href":"https:\/\/alertasecurity.com.pe\/store\/wp-json\/wp\/v2\/product\/20670","targetHints":{"allow":["GET"]}}],"collection":[{"href":"https:\/\/alertasecurity.com.pe\/store\/wp-json\/wp\/v2\/product"}],"about":[{"href":"https:\/\/alertasecurity.com.pe\/store\/wp-json\/wp\/v2\/types\/product"}],"replies":[{"embeddable":true,"href":"https:\/\/alertasecurity.com.pe\/store\/wp-json\/wp\/v2\/comments?post=20670"}],"version-history":[{"count":1,"href":"https:\/\/alertasecurity.com.pe\/store\/wp-json\/wp\/v2\/product\/20670\/revisions"}],"predecessor-version":[{"id":20692,"href":"https:\/\/alertasecurity.com.pe\/store\/wp-json\/wp\/v2\/product\/20670\/revisions\/20692"}],"wp:attachment":[{"href":"https:\/\/alertasecurity.com.pe\/store\/wp-json\/wp\/v2\/media?parent=20670"}],"wp:term":[{"taxonomy":"product_brand","embeddable":true,"href":"https:\/\/alertasecurity.com.pe\/store\/wp-json\/wp\/v2\/product_brand?post=20670"},{"taxonomy":"product_cat","embeddable":true,"href":"https:\/\/alertasecurity.com.pe\/store\/wp-json\/wp\/v2\/product_cat?post=20670"},{"taxonomy":"product_tag","embeddable":true,"href":"https:\/\/alertasecurity.com.pe\/store\/wp-json\/wp\/v2\/product_tag?post=20670"}],"curies":[{"name":"wp","href":"https:\/\/api.w.org\/{rel}","templated":true}]}}