{"id":20544,"date":"2026-04-16T20:50:51","date_gmt":"2026-04-16T18:50:51","guid":{"rendered":"https:\/\/alertasecurity.com.pe\/store\/?post_type=product&#038;p=20544"},"modified":"2026-04-16T20:50:54","modified_gmt":"2026-04-16T18:50:54","slug":"2-camaras-ip-poe-2mp-vision-nocturna-a-color-1tb-disco-duro","status":"publish","type":"product","link":"https:\/\/alertasecurity.com.pe\/store\/product\/2-camaras-ip-poe-2mp-vision-nocturna-a-color-1tb-disco-duro\/","title":{"rendered":"2 C\u00c1MARAS IP PoE 2MP (Visi\u00f3n Nocturna a Color) + 1TB DISCO DURO"},"content":{"rendered":"<h3>2 C\u00c1MARAS IP PoE 2MP (Visi\u00f3n Nocturna a Color) + 1TB DISCO DURO<\/h3>\n<p>INCLUYE:<\/p>\n<ul>\n<li>1 NVR 4CH Modelo: NVR-104MH-D\/4P<\/li>\n<li>1 Disco Duro de 1TB (Especial para Videovigilancia)<\/li>\n<li>1 C\u00e1maras Domo Modelo: IPC-T229H<\/li>\n<li>1 C\u00e1maras Tubo Modelo: IPC-B129H<\/li>\n<\/ul>\n","protected":false},"excerpt":{"rendered":"<p>2 C\u00c1MARAS IP PoE 2MP (Visi\u00f3n Nocturna a Color) + 1TB DISCO DURO INCLUYE: 1 NVR 4CH Modelo: NVR-104MH-D\/4P 1<\/p>\n","protected":false},"featured_media":0,"comment_status":"closed","ping_status":"closed","template":"","meta":{"rs_blank_template":"","rs_page_bg_color":"","slide_template_v7":""},"product_brand":[],"product_cat":[252,289],"product_tag":[],"class_list":{"0":"post-20544","1":"product","2":"type-product","3":"status-publish","5":"product_cat-kits","6":"product_cat-set-camaras-ip-poe","8":"first","9":"instock","10":"sale","11":"shipping-taxable","12":"purchasable","13":"product-type-simple"},"_links":{"self":[{"href":"https:\/\/alertasecurity.com.pe\/store\/wp-json\/wp\/v2\/product\/20544","targetHints":{"allow":["GET"]}}],"collection":[{"href":"https:\/\/alertasecurity.com.pe\/store\/wp-json\/wp\/v2\/product"}],"about":[{"href":"https:\/\/alertasecurity.com.pe\/store\/wp-json\/wp\/v2\/types\/product"}],"replies":[{"embeddable":true,"href":"https:\/\/alertasecurity.com.pe\/store\/wp-json\/wp\/v2\/comments?post=20544"}],"version-history":[{"count":1,"href":"https:\/\/alertasecurity.com.pe\/store\/wp-json\/wp\/v2\/product\/20544\/revisions"}],"predecessor-version":[{"id":20574,"href":"https:\/\/alertasecurity.com.pe\/store\/wp-json\/wp\/v2\/product\/20544\/revisions\/20574"}],"wp:attachment":[{"href":"https:\/\/alertasecurity.com.pe\/store\/wp-json\/wp\/v2\/media?parent=20544"}],"wp:term":[{"taxonomy":"product_brand","embeddable":true,"href":"https:\/\/alertasecurity.com.pe\/store\/wp-json\/wp\/v2\/product_brand?post=20544"},{"taxonomy":"product_cat","embeddable":true,"href":"https:\/\/alertasecurity.com.pe\/store\/wp-json\/wp\/v2\/product_cat?post=20544"},{"taxonomy":"product_tag","embeddable":true,"href":"https:\/\/alertasecurity.com.pe\/store\/wp-json\/wp\/v2\/product_tag?post=20544"}],"curies":[{"name":"wp","href":"https:\/\/api.w.org\/{rel}","templated":true}]}}