{"id":20535,"date":"2026-04-16T20:50:50","date_gmt":"2026-04-16T18:50:50","guid":{"rendered":"https:\/\/alertasecurity.com.pe\/store\/?post_type=product&#038;p=20535"},"modified":"2026-04-16T20:50:53","modified_gmt":"2026-04-16T18:50:53","slug":"8-camaras-ip-2mp-con-vision-nocturna-a-color-1tb-disco-duro","status":"publish","type":"product","link":"https:\/\/alertasecurity.com.pe\/store\/product\/8-camaras-ip-2mp-con-vision-nocturna-a-color-1tb-disco-duro\/","title":{"rendered":"8 C\u00c1MARAS IP 2MP (con Visi\u00f3n Nocturna a Color) + 1TB DISCO DURO"},"content":{"rendered":"<h3>8 C\u00c1MARAS IP 2MP (con Visi\u00f3n Nocturna a Color) + 1TB DISCO DURO<\/h3>\n<p>INCLUYE:<\/p>\n<ul>\n<li>1 NVR 8CH Modelo: NVR-108MH-D<\/li>\n<li>1 Disco Duro de 1TB (Especial para Videovigilancia)<\/li>\n<li>4 C\u00e1maras Domo Modelo: IPC-T229H<\/li>\n<li>4 C\u00e1maras Tubo Modelo: IPC-B129H<\/li>\n<li>8 Fuentes de Poder 12V\/2Amp<\/li>\n<\/ul>\n","protected":false},"excerpt":{"rendered":"<p>8 C\u00c1MARAS IP 2MP (con Visi\u00f3n Nocturna a Color) + 1TB DISCO DURO INCLUYE: 1 NVR 8CH Modelo: NVR-108MH-D 1<\/p>\n","protected":false},"featured_media":0,"comment_status":"closed","ping_status":"closed","template":"","meta":{"rs_blank_template":"","rs_page_bg_color":"","slide_template_v7":""},"product_brand":[],"product_cat":[252,253],"product_tag":[],"class_list":{"0":"post-20535","1":"product","2":"type-product","3":"status-publish","5":"product_cat-kits","6":"product_cat-set-camaras-ip","8":"first","9":"instock","10":"sale","11":"shipping-taxable","12":"purchasable","13":"product-type-simple"},"_links":{"self":[{"href":"https:\/\/alertasecurity.com.pe\/store\/wp-json\/wp\/v2\/product\/20535","targetHints":{"allow":["GET"]}}],"collection":[{"href":"https:\/\/alertasecurity.com.pe\/store\/wp-json\/wp\/v2\/product"}],"about":[{"href":"https:\/\/alertasecurity.com.pe\/store\/wp-json\/wp\/v2\/types\/product"}],"replies":[{"embeddable":true,"href":"https:\/\/alertasecurity.com.pe\/store\/wp-json\/wp\/v2\/comments?post=20535"}],"version-history":[{"count":1,"href":"https:\/\/alertasecurity.com.pe\/store\/wp-json\/wp\/v2\/product\/20535\/revisions"}],"predecessor-version":[{"id":20565,"href":"https:\/\/alertasecurity.com.pe\/store\/wp-json\/wp\/v2\/product\/20535\/revisions\/20565"}],"wp:attachment":[{"href":"https:\/\/alertasecurity.com.pe\/store\/wp-json\/wp\/v2\/media?parent=20535"}],"wp:term":[{"taxonomy":"product_brand","embeddable":true,"href":"https:\/\/alertasecurity.com.pe\/store\/wp-json\/wp\/v2\/product_brand?post=20535"},{"taxonomy":"product_cat","embeddable":true,"href":"https:\/\/alertasecurity.com.pe\/store\/wp-json\/wp\/v2\/product_cat?post=20535"},{"taxonomy":"product_tag","embeddable":true,"href":"https:\/\/alertasecurity.com.pe\/store\/wp-json\/wp\/v2\/product_tag?post=20535"}],"curies":[{"name":"wp","href":"https:\/\/api.w.org\/{rel}","templated":true}]}}