{"id":20423,"date":"2026-04-16T20:50:38","date_gmt":"2026-04-16T18:50:38","guid":{"rendered":"https:\/\/alertasecurity.com.pe\/store\/?post_type=product&#038;p=20423"},"modified":"2026-04-16T20:50:41","modified_gmt":"2026-04-16T18:50:41","slug":"sirena-inalambrica-zr1-eu","status":"publish","type":"product","link":"https:\/\/alertasecurity.com.pe\/store\/product\/sirena-inalambrica-zr1-eu\/","title":{"rendered":"Sirena inal\u00e1mbrica ZR1-EU"},"content":{"rendered":"<h2>Sirena inal\u00e1mbrica ZR1-EU<\/h2>\n<p>C\u00f3digo: ZR1-EU-IMOU<\/p>\n<ul>\n<li>F\u00e1cil instalaci\u00f3n en pared y techo<\/li>\n<li>Tamper de manipulaci\u00f3n<\/li>\n<li>Notificaci\u00f3n de alarma al APP<\/li>\n<li>Wireless Protocol: Zigbee &#8211; Distancia de comunicaci\u00f3n : 200m (Campo abierto)<\/li>\n<li>Volumen ajustable hasta 85dB<\/li>\n<li>Duraci\u00f3n de bater\u00eda : 1 A\u00d1O<\/li>\n<\/ul>\n","protected":false},"excerpt":{"rendered":"<p>La sirena se puede utilizar como sistema de seguridad en el hogar con los detectores Imou. Cuando el sensor Imou detecta una intrusi\u00f3n, la sirena sonar\u00e1 y el volumen puede alcanzar hasta 85 dB. El usuario puede cancelar la alarma localmente a trav\u00e9s de la puerta de enlace o silenciar el sonido con una tecla a trav\u00e9s de la aplicaci\u00f3n.<\/p>\n","protected":false},"featured_media":0,"comment_status":"closed","ping_status":"closed","template":"","meta":{"rs_blank_template":"","rs_page_bg_color":"","slide_template_v7":""},"product_brand":[],"product_cat":[288],"product_tag":[],"class_list":{"0":"post-20423","1":"product","2":"type-product","3":"status-publish","5":"product_cat-alarmas-y-sensores","7":"first","8":"instock","9":"sale","10":"shipping-taxable","11":"purchasable","12":"product-type-simple"},"_links":{"self":[{"href":"https:\/\/alertasecurity.com.pe\/store\/wp-json\/wp\/v2\/product\/20423","targetHints":{"allow":["GET"]}}],"collection":[{"href":"https:\/\/alertasecurity.com.pe\/store\/wp-json\/wp\/v2\/product"}],"about":[{"href":"https:\/\/alertasecurity.com.pe\/store\/wp-json\/wp\/v2\/types\/product"}],"replies":[{"embeddable":true,"href":"https:\/\/alertasecurity.com.pe\/store\/wp-json\/wp\/v2\/comments?post=20423"}],"version-history":[{"count":1,"href":"https:\/\/alertasecurity.com.pe\/store\/wp-json\/wp\/v2\/product\/20423\/revisions"}],"predecessor-version":[{"id":20453,"href":"https:\/\/alertasecurity.com.pe\/store\/wp-json\/wp\/v2\/product\/20423\/revisions\/20453"}],"wp:attachment":[{"href":"https:\/\/alertasecurity.com.pe\/store\/wp-json\/wp\/v2\/media?parent=20423"}],"wp:term":[{"taxonomy":"product_brand","embeddable":true,"href":"https:\/\/alertasecurity.com.pe\/store\/wp-json\/wp\/v2\/product_brand?post=20423"},{"taxonomy":"product_cat","embeddable":true,"href":"https:\/\/alertasecurity.com.pe\/store\/wp-json\/wp\/v2\/product_cat?post=20423"},{"taxonomy":"product_tag","embeddable":true,"href":"https:\/\/alertasecurity.com.pe\/store\/wp-json\/wp\/v2\/product_tag?post=20423"}],"curies":[{"name":"wp","href":"https:\/\/api.w.org\/{rel}","templated":true}]}}