{"id":20406,"date":"2026-04-16T20:50:37","date_gmt":"2026-04-16T18:50:37","guid":{"rendered":"https:\/\/alertasecurity.com.pe\/store\/?post_type=product&#038;p=20406"},"modified":"2026-04-16T20:50:39","modified_gmt":"2026-04-16T18:50:39","slug":"caja-de-paso-de-plastico","status":"publish","type":"product","link":"https:\/\/alertasecurity.com.pe\/store\/product\/caja-de-paso-de-plastico\/","title":{"rendered":"CAJA DE PASO DE PLASTICO"},"content":{"rendered":"<h2>CAJA DE PASO DE PLASTICO<\/h2>\n<p>C\u00f3digo: PFA12A<\/p>\n<ul>\n<li>Material: PP resistente a la intemperie y que no decolora<\/li>\n<li>Dise\u00f1o estructural resistente al agua<\/li>\n<li>Dise\u00f1o de l\u00ednea oculta, puede colocar video balun con c\u00e1maras HDCVI\/AHD\/TVI\/CVBS<\/li>\n<li>Dise\u00f1o est\u00e9tico<\/li>\n<\/ul>\n<p>&nbsp;<\/p>\n","protected":false},"excerpt":{"rendered":"<p>El modelo\u00a0<strong>PFA12A<\/strong> es una caja de conexiones para c\u00e1maras Dahua de f\u00e1cil instalaci\u00f3n para montaje en pared, hecha de policarbonato resistente al agua y a la intemperie con protecci\u00f3n a la decoloraci\u00f3n, excelente para uso exterior.<\/p>\n<p>Esta dise\u00f1ada est\u00e9ticamente para ocultar las conexiones de video y energ\u00eda ( se puede colocar transceptor ), es compatible con algunas camaras tipo bullet y domo.<\/p>\n","protected":false},"featured_media":0,"comment_status":"closed","ping_status":"closed","template":"","meta":{"rs_blank_template":"","rs_page_bg_color":"","slide_template_v7":""},"product_brand":[],"product_cat":[278],"product_tag":[],"class_list":{"0":"post-20406","1":"product","2":"type-product","3":"status-publish","5":"product_cat-accesorios-cctv","7":"first","8":"instock","9":"sale","10":"shipping-taxable","11":"purchasable","12":"product-type-simple"},"_links":{"self":[{"href":"https:\/\/alertasecurity.com.pe\/store\/wp-json\/wp\/v2\/product\/20406","targetHints":{"allow":["GET"]}}],"collection":[{"href":"https:\/\/alertasecurity.com.pe\/store\/wp-json\/wp\/v2\/product"}],"about":[{"href":"https:\/\/alertasecurity.com.pe\/store\/wp-json\/wp\/v2\/types\/product"}],"replies":[{"embeddable":true,"href":"https:\/\/alertasecurity.com.pe\/store\/wp-json\/wp\/v2\/comments?post=20406"}],"version-history":[{"count":1,"href":"https:\/\/alertasecurity.com.pe\/store\/wp-json\/wp\/v2\/product\/20406\/revisions"}],"predecessor-version":[{"id":20437,"href":"https:\/\/alertasecurity.com.pe\/store\/wp-json\/wp\/v2\/product\/20406\/revisions\/20437"}],"wp:attachment":[{"href":"https:\/\/alertasecurity.com.pe\/store\/wp-json\/wp\/v2\/media?parent=20406"}],"wp:term":[{"taxonomy":"product_brand","embeddable":true,"href":"https:\/\/alertasecurity.com.pe\/store\/wp-json\/wp\/v2\/product_brand?post=20406"},{"taxonomy":"product_cat","embeddable":true,"href":"https:\/\/alertasecurity.com.pe\/store\/wp-json\/wp\/v2\/product_cat?post=20406"},{"taxonomy":"product_tag","embeddable":true,"href":"https:\/\/alertasecurity.com.pe\/store\/wp-json\/wp\/v2\/product_tag?post=20406"}],"curies":[{"name":"wp","href":"https:\/\/api.w.org\/{rel}","templated":true}]}}