{"id":20403,"date":"2026-04-16T20:50:37","date_gmt":"2026-04-16T18:50:37","guid":{"rendered":"https:\/\/alertasecurity.com.pe\/store\/?post_type=product&#038;p=20403"},"modified":"2026-04-16T20:50:39","modified_gmt":"2026-04-16T18:50:39","slug":"dc-conector-macho","status":"publish","type":"product","link":"https:\/\/alertasecurity.com.pe\/store\/product\/dc-conector-macho\/","title":{"rendered":"DC CONECTOR MACHO"},"content":{"rendered":"<h2>DC CONECTOR MACHO<\/h2>\n<p>C\u00f3digo: SE-DC303-P10<\/p>\n<ul>\n<li>Conector de alimentaci\u00f3n SETC<\/li>\n<li>Conector tipo CC macho<\/li>\n<li>Instalaci\u00f3n interna<\/li>\n<\/ul>\n","protected":false},"excerpt":{"rendered":"<p>DC CONECTOR MACHO C\u00f3digo: SE-DC303-P10 Conector de alimentaci\u00f3n SETC Conector tipo CC macho Instalaci\u00f3n interna<\/p>\n","protected":false},"featured_media":0,"comment_status":"closed","ping_status":"closed","template":"","meta":{"rs_blank_template":"","rs_page_bg_color":"","slide_template_v7":""},"product_brand":[],"product_cat":[278],"product_tag":[],"class_list":{"0":"post-20403","1":"product","2":"type-product","3":"status-publish","5":"product_cat-accesorios-cctv","7":"first","8":"instock","9":"sale","10":"shipping-taxable","11":"purchasable","12":"product-type-simple"},"_links":{"self":[{"href":"https:\/\/alertasecurity.com.pe\/store\/wp-json\/wp\/v2\/product\/20403","targetHints":{"allow":["GET"]}}],"collection":[{"href":"https:\/\/alertasecurity.com.pe\/store\/wp-json\/wp\/v2\/product"}],"about":[{"href":"https:\/\/alertasecurity.com.pe\/store\/wp-json\/wp\/v2\/types\/product"}],"replies":[{"embeddable":true,"href":"https:\/\/alertasecurity.com.pe\/store\/wp-json\/wp\/v2\/comments?post=20403"}],"version-history":[{"count":1,"href":"https:\/\/alertasecurity.com.pe\/store\/wp-json\/wp\/v2\/product\/20403\/revisions"}],"predecessor-version":[{"id":20434,"href":"https:\/\/alertasecurity.com.pe\/store\/wp-json\/wp\/v2\/product\/20403\/revisions\/20434"}],"wp:attachment":[{"href":"https:\/\/alertasecurity.com.pe\/store\/wp-json\/wp\/v2\/media?parent=20403"}],"wp:term":[{"taxonomy":"product_brand","embeddable":true,"href":"https:\/\/alertasecurity.com.pe\/store\/wp-json\/wp\/v2\/product_brand?post=20403"},{"taxonomy":"product_cat","embeddable":true,"href":"https:\/\/alertasecurity.com.pe\/store\/wp-json\/wp\/v2\/product_cat?post=20403"},{"taxonomy":"product_tag","embeddable":true,"href":"https:\/\/alertasecurity.com.pe\/store\/wp-json\/wp\/v2\/product_tag?post=20403"}],"curies":[{"name":"wp","href":"https:\/\/api.w.org\/{rel}","templated":true}]}}