{"id":20369,"date":"2026-04-16T20:50:33","date_gmt":"2026-04-16T18:50:33","guid":{"rendered":"https:\/\/alertasecurity.com.pe\/store\/?post_type=product&#038;p=20369"},"modified":"2026-04-16T20:50:36","modified_gmt":"2026-04-16T18:50:36","slug":"1-par-balun-pasivo-hdcvi-video-transmisor-receptor-1-canal-bnc-salida-2-hilos","status":"publish","type":"product","link":"https:\/\/alertasecurity.com.pe\/store\/product\/1-par-balun-pasivo-hdcvi-video-transmisor-receptor-1-canal-bnc-salida-2-hilos\/","title":{"rendered":"(1 PAR) BALUN PASIVO HDCVI | VIDEO TRANSMISOR | RECEPTOR 1 CANAL BNC | SALIDA 2 HILOS"},"content":{"rendered":"<h3>(1 PAR) BALUN PASIVO HDCVI | VIDEO TRANSMISOR | RECEPTOR 1 CANAL BNC | SALIDA 2 HILOS<\/h3>\n<p>C\u00f3digo: PFM800-E<\/p>\n<ul>\n<li>Transmisi\u00f3n en tiempo real a trav\u00e9s de cable UTP CAT5E\/6.<\/li>\n<li>Pasivo, sin necesidad de alimentaci\u00f3n.<\/li>\n<li>Con conector BNC hembra y conexiones de terminales de tornillo enchufables.<\/li>\n<\/ul>\n","protected":false},"excerpt":{"rendered":"<p>Transceptor pasivo ( no requiere alimentaci\u00f3n ) ideales para sistemas de video vigilancia (c\u00e1maras y dvr) que operan en formatos de alta resoluci\u00f3n. Soporta resoluciones de\u00a01080P y 720P, lo cual\u00a0permite a las c\u00e1maras\u00a0transmitir video a\u00a0distancias de hasta<strong>\u00a0250 metros<\/strong>\u00a0para resoluci\u00f3n de\u00a01080p.<\/p>\n","protected":false},"featured_media":0,"comment_status":"closed","ping_status":"closed","template":"","meta":{"rs_blank_template":"","rs_page_bg_color":"","slide_template_v7":""},"product_brand":[],"product_cat":[278],"product_tag":[],"class_list":{"0":"post-20369","1":"product","2":"type-product","3":"status-publish","5":"product_cat-accesorios-cctv","7":"first","8":"instock","9":"sale","10":"shipping-taxable","11":"purchasable","12":"product-type-simple"},"_links":{"self":[{"href":"https:\/\/alertasecurity.com.pe\/store\/wp-json\/wp\/v2\/product\/20369","targetHints":{"allow":["GET"]}}],"collection":[{"href":"https:\/\/alertasecurity.com.pe\/store\/wp-json\/wp\/v2\/product"}],"about":[{"href":"https:\/\/alertasecurity.com.pe\/store\/wp-json\/wp\/v2\/types\/product"}],"replies":[{"embeddable":true,"href":"https:\/\/alertasecurity.com.pe\/store\/wp-json\/wp\/v2\/comments?post=20369"}],"version-history":[{"count":1,"href":"https:\/\/alertasecurity.com.pe\/store\/wp-json\/wp\/v2\/product\/20369\/revisions"}],"predecessor-version":[{"id":20399,"href":"https:\/\/alertasecurity.com.pe\/store\/wp-json\/wp\/v2\/product\/20369\/revisions\/20399"}],"wp:attachment":[{"href":"https:\/\/alertasecurity.com.pe\/store\/wp-json\/wp\/v2\/media?parent=20369"}],"wp:term":[{"taxonomy":"product_brand","embeddable":true,"href":"https:\/\/alertasecurity.com.pe\/store\/wp-json\/wp\/v2\/product_brand?post=20369"},{"taxonomy":"product_cat","embeddable":true,"href":"https:\/\/alertasecurity.com.pe\/store\/wp-json\/wp\/v2\/product_cat?post=20369"},{"taxonomy":"product_tag","embeddable":true,"href":"https:\/\/alertasecurity.com.pe\/store\/wp-json\/wp\/v2\/product_tag?post=20369"}],"curies":[{"name":"wp","href":"https:\/\/api.w.org\/{rel}","templated":true}]}}