{"id":20368,"date":"2026-04-16T20:50:33","date_gmt":"2026-04-16T18:50:33","guid":{"rendered":"https:\/\/alertasecurity.com.pe\/store\/?post_type=product&#038;p=20368"},"modified":"2026-04-16T20:50:36","modified_gmt":"2026-04-16T18:50:36","slug":"1-par-balun-pasivo-cvi-tvi-ahd-video-transmisor-receptor-1-canal-bnc-salida-2-hilos-300m-720p-200m-1080p","status":"publish","type":"product","link":"https:\/\/alertasecurity.com.pe\/store\/product\/1-par-balun-pasivo-cvi-tvi-ahd-video-transmisor-receptor-1-canal-bnc-salida-2-hilos-300m-720p-200m-1080p\/","title":{"rendered":"(1 PAR) BALUN PASIVO CVI\/TVI\/AHD | VIDEO TRANSMISOR | RECEPTOR 1 CANAL BNC | SALIDA 2 HILOS | 300m (720p), 200m (1080p)"},"content":{"rendered":"<h3>(1 PAR) BALUN PASIVO CVI\/TVI\/AHD | VIDEO TRANSMISOR | RECEPTOR 1 CANAL BNC | SALIDA 2 HILOS | 300m (720p), 200m (1080p)<\/h3>\n<p>C\u00f3digo: SE-V203<\/p>\n<p>Balun full HD pasivo CVI \u2013 TVI \u2013 AHD SE-V203<\/p>\n<p>Video balun pasivo marca SEATC SE-V203. Utilizado para transmitir v\u00eddeo de una c\u00e1mara hasta el grabador (DVR), (720p, 1080p). Cuenta con conectores tipo press-fit (presi\u00f3n), para garantizar una conexi\u00f3n segura de nuestro conductor<\/p>\n<ul>\n<li>\u00a0Presentaci\u00f3n: Blister (x2 unidades)<\/li>\n<li>\u00a0Compatibilidad: HDCVI, HDAHD, HDTVI<\/li>\n<li>\u00a0720p , 1080p<\/li>\n<li>\u00a0Conectores: BNC y Press-fit<\/li>\n<\/ul>\n","protected":false},"excerpt":{"rendered":"<p>Video balun pasivo marca SEATC SE-V203. Utilizado para transmitir v\u00eddeo de una c\u00e1mara hasta el grabador (DVR), (720p, 1080p). Cuenta con conectores tipo press-fit (presi\u00f3n), para garantizar una conexi\u00f3n segura de nuestro conductor<\/p>\n","protected":false},"featured_media":0,"comment_status":"closed","ping_status":"closed","template":"","meta":{"rs_blank_template":"","rs_page_bg_color":"","slide_template_v7":""},"product_brand":[],"product_cat":[278],"product_tag":[],"class_list":{"0":"post-20368","1":"product","2":"type-product","3":"status-publish","5":"product_cat-accesorios-cctv","7":"first","8":"instock","9":"sale","10":"shipping-taxable","11":"purchasable","12":"product-type-simple"},"_links":{"self":[{"href":"https:\/\/alertasecurity.com.pe\/store\/wp-json\/wp\/v2\/product\/20368","targetHints":{"allow":["GET"]}}],"collection":[{"href":"https:\/\/alertasecurity.com.pe\/store\/wp-json\/wp\/v2\/product"}],"about":[{"href":"https:\/\/alertasecurity.com.pe\/store\/wp-json\/wp\/v2\/types\/product"}],"replies":[{"embeddable":true,"href":"https:\/\/alertasecurity.com.pe\/store\/wp-json\/wp\/v2\/comments?post=20368"}],"version-history":[{"count":1,"href":"https:\/\/alertasecurity.com.pe\/store\/wp-json\/wp\/v2\/product\/20368\/revisions"}],"predecessor-version":[{"id":20398,"href":"https:\/\/alertasecurity.com.pe\/store\/wp-json\/wp\/v2\/product\/20368\/revisions\/20398"}],"wp:attachment":[{"href":"https:\/\/alertasecurity.com.pe\/store\/wp-json\/wp\/v2\/media?parent=20368"}],"wp:term":[{"taxonomy":"product_brand","embeddable":true,"href":"https:\/\/alertasecurity.com.pe\/store\/wp-json\/wp\/v2\/product_brand?post=20368"},{"taxonomy":"product_cat","embeddable":true,"href":"https:\/\/alertasecurity.com.pe\/store\/wp-json\/wp\/v2\/product_cat?post=20368"},{"taxonomy":"product_tag","embeddable":true,"href":"https:\/\/alertasecurity.com.pe\/store\/wp-json\/wp\/v2\/product_tag?post=20368"}],"curies":[{"name":"wp","href":"https:\/\/api.w.org\/{rel}","templated":true}]}}