{"id":20360,"date":"2026-04-16T20:50:33","date_gmt":"2026-04-16T18:50:33","guid":{"rendered":"https:\/\/alertasecurity.com.pe\/store\/?post_type=product&#038;p=20360"},"modified":"2026-04-16T20:50:35","modified_gmt":"2026-04-16T18:50:35","slug":"fuente-centralizada-9ch-12v-10a","status":"publish","type":"product","link":"https:\/\/alertasecurity.com.pe\/store\/product\/fuente-centralizada-9ch-12v-10a\/","title":{"rendered":"Fuente Centralizada 9CH 12V\/10A"},"content":{"rendered":"<h2>Fuente Centralizada 9CH 12V\/10A<\/h2>\n<p>C\u00f3digo: SE-12V10A-9CH<\/p>\n<ul>\n<li>Caja Met\u00e1lica con llave<\/li>\n<li>Protecci\u00f3n contra sobre carga<\/li>\n<li>Aspecto delicado, f\u00e1cil instalaci\u00f3n<\/li>\n<li>Fusible de tubo individual de 9 canales.<\/li>\n<li>Entrada de CA 100~240 V, 50\/60 Hz 2 A<\/li>\n<li>Salida 9 canales 12V CC<\/li>\n<li>Corriente de salida total m\u00e1xima de 10 A.<\/li>\n<\/ul>\n","protected":false},"excerpt":{"rendered":"<p>Fuente Centralizada 9CH 12V\/10A C\u00f3digo: SE-12V10A-9CH Caja Met\u00e1lica con llave Protecci\u00f3n contra sobre carga Aspecto delicado, f\u00e1cil instalaci\u00f3n Fusible de<\/p>\n","protected":false},"featured_media":0,"comment_status":"closed","ping_status":"closed","template":"","meta":{"rs_blank_template":"","rs_page_bg_color":"","slide_template_v7":""},"product_brand":[],"product_cat":[278],"product_tag":[],"class_list":{"0":"post-20360","1":"product","2":"type-product","3":"status-publish","5":"product_cat-accesorios-cctv","7":"first","8":"instock","9":"sale","10":"shipping-taxable","11":"purchasable","12":"product-type-simple"},"_links":{"self":[{"href":"https:\/\/alertasecurity.com.pe\/store\/wp-json\/wp\/v2\/product\/20360","targetHints":{"allow":["GET"]}}],"collection":[{"href":"https:\/\/alertasecurity.com.pe\/store\/wp-json\/wp\/v2\/product"}],"about":[{"href":"https:\/\/alertasecurity.com.pe\/store\/wp-json\/wp\/v2\/types\/product"}],"replies":[{"embeddable":true,"href":"https:\/\/alertasecurity.com.pe\/store\/wp-json\/wp\/v2\/comments?post=20360"}],"version-history":[{"count":1,"href":"https:\/\/alertasecurity.com.pe\/store\/wp-json\/wp\/v2\/product\/20360\/revisions"}],"predecessor-version":[{"id":20390,"href":"https:\/\/alertasecurity.com.pe\/store\/wp-json\/wp\/v2\/product\/20360\/revisions\/20390"}],"wp:attachment":[{"href":"https:\/\/alertasecurity.com.pe\/store\/wp-json\/wp\/v2\/media?parent=20360"}],"wp:term":[{"taxonomy":"product_brand","embeddable":true,"href":"https:\/\/alertasecurity.com.pe\/store\/wp-json\/wp\/v2\/product_brand?post=20360"},{"taxonomy":"product_cat","embeddable":true,"href":"https:\/\/alertasecurity.com.pe\/store\/wp-json\/wp\/v2\/product_cat?post=20360"},{"taxonomy":"product_tag","embeddable":true,"href":"https:\/\/alertasecurity.com.pe\/store\/wp-json\/wp\/v2\/product_tag?post=20360"}],"curies":[{"name":"wp","href":"https:\/\/api.w.org\/{rel}","templated":true}]}}