{"id":20351,"date":"2026-04-16T20:50:32","date_gmt":"2026-04-16T18:50:32","guid":{"rendered":"https:\/\/alertasecurity.com.pe\/store\/?post_type=product&#038;p=20351"},"modified":"2026-04-16T20:50:34","modified_gmt":"2026-04-16T18:50:34","slug":"fuente-de-alimentacion-12vdc-2-0-amp","status":"publish","type":"product","link":"https:\/\/alertasecurity.com.pe\/store\/product\/fuente-de-alimentacion-12vdc-2-0-amp\/","title":{"rendered":"FUENTE DE ALIMENTACION 12Vdc @ 2.0 AMP"},"content":{"rendered":"<h2>FUENTE DE ALIMENTACION 12Vdc @ 2.0 AMP<\/h2>\n<p>C\u00f3digo: PFM320-020US<\/p>\n<p>AHUA DH-PFM320-020US FUENTE DE PODER 12V 2A<\/p>\n<p>Peque\u00f1o adaptador de corriente, que proporciona 12vdc con 2A de corriente. Utilizado para suministrar energ\u00eda a c\u00e1maras, routers, base de tel\u00e9fonos, TV y similares equipos que consuman 12V y 2A.<\/p>\n<ul>\n<li>F\u00e1cil instalaci\u00f3n.<\/li>\n<li>\u00a0Con luz indicadora funcionando.<\/li>\n<li>\u00a0Soporte de -30 \u2103 ~ + 70 \u2103 operaci\u00f3n de temperatura de rango amplio.<\/li>\n<li>\u00a0Sobrecorriente precisa, protecci\u00f3n contra sobretensiones.<\/li>\n<li>\u00a0Voltaje entrada: 100-240Vca<\/li>\n<li>\u00a0Voltaje salida: 12Vcc<\/li>\n<li>\u00a0Amperios: 2AMP<\/li>\n<li>\u00a0Potencia:24W<\/li>\n<li>\u00a0Conec. DC 5,5\u00d72,5<\/li>\n<\/ul>\n","protected":false},"excerpt":{"rendered":"<p>Peque\u00f1o adaptador de corriente, que proporciona 12vdc con 2A de corriente. Utilizado para suministrar energ\u00eda a c\u00e1maras, routers, base de tel\u00e9fonos, TV y similares equipos que consuman 12V y 2A.<\/p>\n","protected":false},"featured_media":0,"comment_status":"closed","ping_status":"closed","template":"","meta":{"rs_blank_template":"","rs_page_bg_color":"","slide_template_v7":""},"product_brand":[],"product_cat":[278],"product_tag":[],"class_list":{"0":"post-20351","1":"product","2":"type-product","3":"status-publish","5":"product_cat-accesorios-cctv","7":"first","8":"instock","9":"sale","10":"shipping-taxable","11":"purchasable","12":"product-type-simple"},"_links":{"self":[{"href":"https:\/\/alertasecurity.com.pe\/store\/wp-json\/wp\/v2\/product\/20351","targetHints":{"allow":["GET"]}}],"collection":[{"href":"https:\/\/alertasecurity.com.pe\/store\/wp-json\/wp\/v2\/product"}],"about":[{"href":"https:\/\/alertasecurity.com.pe\/store\/wp-json\/wp\/v2\/types\/product"}],"replies":[{"embeddable":true,"href":"https:\/\/alertasecurity.com.pe\/store\/wp-json\/wp\/v2\/comments?post=20351"}],"version-history":[{"count":1,"href":"https:\/\/alertasecurity.com.pe\/store\/wp-json\/wp\/v2\/product\/20351\/revisions"}],"predecessor-version":[{"id":20381,"href":"https:\/\/alertasecurity.com.pe\/store\/wp-json\/wp\/v2\/product\/20351\/revisions\/20381"}],"wp:attachment":[{"href":"https:\/\/alertasecurity.com.pe\/store\/wp-json\/wp\/v2\/media?parent=20351"}],"wp:term":[{"taxonomy":"product_brand","embeddable":true,"href":"https:\/\/alertasecurity.com.pe\/store\/wp-json\/wp\/v2\/product_brand?post=20351"},{"taxonomy":"product_cat","embeddable":true,"href":"https:\/\/alertasecurity.com.pe\/store\/wp-json\/wp\/v2\/product_cat?post=20351"},{"taxonomy":"product_tag","embeddable":true,"href":"https:\/\/alertasecurity.com.pe\/store\/wp-json\/wp\/v2\/product_tag?post=20351"}],"curies":[{"name":"wp","href":"https:\/\/api.w.org\/{rel}","templated":true}]}}