{"id":20345,"date":"2026-04-16T20:50:32","date_gmt":"2026-04-16T18:50:32","guid":{"rendered":"https:\/\/alertasecurity.com.pe\/store\/?post_type=product&#038;p=20345"},"modified":"2026-04-16T20:50:34","modified_gmt":"2026-04-16T18:50:34","slug":"cable-de-video-movil-12-metros","status":"publish","type":"product","link":"https:\/\/alertasecurity.com.pe\/store\/product\/cable-de-video-movil-12-metros\/","title":{"rendered":"CABLE DE VIDEO MOVIL 12 METROS"},"content":{"rendered":"<h3>CABLE DE VIDEO MOVIL 12 METROS<\/h3>\n<p>C\u00f3digo: MC-AF4-AM4-12<\/p>\n<ul>\n<li>Tecnolog\u00eda: 4 en 1,<\/li>\n<li>Tipo: Cables,<\/li>\n<li>Modelo: Cable Tipo Aviador,<\/li>\n<li>Longitud del Cable: 6 metros.<\/li>\n<\/ul>\n<p>&nbsp;<\/p>\n","protected":false},"excerpt":{"rendered":"<p>Cable de extensi\u00f3n de 12 metros con conector de aviaci\u00f3n hembra a conector de aviaci\u00f3n macho, para c\u00e1maras HDCVI de veh\u00edculos.<\/p>\n","protected":false},"featured_media":0,"comment_status":"closed","ping_status":"closed","template":"","meta":{"rs_blank_template":"","rs_page_bg_color":"","slide_template_v7":""},"product_brand":[],"product_cat":[270],"product_tag":[],"class_list":{"0":"post-20345","1":"product","2":"type-product","3":"status-publish","5":"product_cat-mdvr","7":"first","8":"instock","9":"sale","10":"shipping-taxable","11":"purchasable","12":"product-type-simple"},"_links":{"self":[{"href":"https:\/\/alertasecurity.com.pe\/store\/wp-json\/wp\/v2\/product\/20345","targetHints":{"allow":["GET"]}}],"collection":[{"href":"https:\/\/alertasecurity.com.pe\/store\/wp-json\/wp\/v2\/product"}],"about":[{"href":"https:\/\/alertasecurity.com.pe\/store\/wp-json\/wp\/v2\/types\/product"}],"replies":[{"embeddable":true,"href":"https:\/\/alertasecurity.com.pe\/store\/wp-json\/wp\/v2\/comments?post=20345"}],"version-history":[{"count":1,"href":"https:\/\/alertasecurity.com.pe\/store\/wp-json\/wp\/v2\/product\/20345\/revisions"}],"predecessor-version":[{"id":20375,"href":"https:\/\/alertasecurity.com.pe\/store\/wp-json\/wp\/v2\/product\/20345\/revisions\/20375"}],"wp:attachment":[{"href":"https:\/\/alertasecurity.com.pe\/store\/wp-json\/wp\/v2\/media?parent=20345"}],"wp:term":[{"taxonomy":"product_brand","embeddable":true,"href":"https:\/\/alertasecurity.com.pe\/store\/wp-json\/wp\/v2\/product_brand?post=20345"},{"taxonomy":"product_cat","embeddable":true,"href":"https:\/\/alertasecurity.com.pe\/store\/wp-json\/wp\/v2\/product_cat?post=20345"},{"taxonomy":"product_tag","embeddable":true,"href":"https:\/\/alertasecurity.com.pe\/store\/wp-json\/wp\/v2\/product_tag?post=20345"}],"curies":[{"name":"wp","href":"https:\/\/api.w.org\/{rel}","templated":true}]}}