{"id":20343,"date":"2026-04-16T20:50:32","date_gmt":"2026-04-16T18:50:32","guid":{"rendered":"https:\/\/alertasecurity.com.pe\/store\/?post_type=product&#038;p=20343"},"modified":"2026-04-16T20:50:34","modified_gmt":"2026-04-16T18:50:34","slug":"cable-de-video-movil-3-metros-2","status":"publish","type":"product","link":"https:\/\/alertasecurity.com.pe\/store\/product\/cable-de-video-movil-3-metros-2\/","title":{"rendered":"CABLE DE VIDEO MOVIL 3 METROS"},"content":{"rendered":"<h3>CABLE DE VIDEO MOVIL 3 METROS<\/h3>\n<p>C\u00f3digo: MCNU-GXF4-GXM4-3<\/p>\n<p>El\u00a0<strong>MCNU-GXF4-GXM4-3<\/strong>\u00a0conector de aire\u00a0dise\u00f1ado para DVR M\u00d3VIL, por el cual se transmite la alimentaci\u00f3n, audio y video por el mismo cable. Compatible con tecnolog\u00eda anal\u00f3gica\/HDCVI.<\/p>\n","protected":false},"excerpt":{"rendered":"<p id=\"title\" class=\"mb-3\">DAHUA MCNU-GXF4-GXM4-3 &#8211; Cable extensor tipo aviaci\u00f3n de 3 Metros\/ Para transmisi\u00f3n de video y audio anal\u00f3gico\/ Conectores M12 hembra a M12 macho\/ 4 Pines\/ Especial para DVR Movil\/<\/p>\n<p>&nbsp;<\/p>\n","protected":false},"featured_media":0,"comment_status":"closed","ping_status":"closed","template":"","meta":{"rs_blank_template":"","rs_page_bg_color":"","slide_template_v7":""},"product_brand":[],"product_cat":[272],"product_tag":[],"class_list":{"0":"post-20343","1":"product","2":"type-product","3":"status-publish","5":"product_cat-accesorios-cctv-vehicular","7":"first","8":"instock","9":"shipping-taxable","10":"product-type-simple"},"_links":{"self":[{"href":"https:\/\/alertasecurity.com.pe\/store\/wp-json\/wp\/v2\/product\/20343","targetHints":{"allow":["GET"]}}],"collection":[{"href":"https:\/\/alertasecurity.com.pe\/store\/wp-json\/wp\/v2\/product"}],"about":[{"href":"https:\/\/alertasecurity.com.pe\/store\/wp-json\/wp\/v2\/types\/product"}],"replies":[{"embeddable":true,"href":"https:\/\/alertasecurity.com.pe\/store\/wp-json\/wp\/v2\/comments?post=20343"}],"version-history":[{"count":1,"href":"https:\/\/alertasecurity.com.pe\/store\/wp-json\/wp\/v2\/product\/20343\/revisions"}],"predecessor-version":[{"id":20373,"href":"https:\/\/alertasecurity.com.pe\/store\/wp-json\/wp\/v2\/product\/20343\/revisions\/20373"}],"wp:attachment":[{"href":"https:\/\/alertasecurity.com.pe\/store\/wp-json\/wp\/v2\/media?parent=20343"}],"wp:term":[{"taxonomy":"product_brand","embeddable":true,"href":"https:\/\/alertasecurity.com.pe\/store\/wp-json\/wp\/v2\/product_brand?post=20343"},{"taxonomy":"product_cat","embeddable":true,"href":"https:\/\/alertasecurity.com.pe\/store\/wp-json\/wp\/v2\/product_cat?post=20343"},{"taxonomy":"product_tag","embeddable":true,"href":"https:\/\/alertasecurity.com.pe\/store\/wp-json\/wp\/v2\/product_tag?post=20343"}],"curies":[{"name":"wp","href":"https:\/\/api.w.org\/{rel}","templated":true}]}}