{"id":20305,"date":"2026-04-16T20:50:27","date_gmt":"2026-04-16T18:50:27","guid":{"rendered":"https:\/\/alertasecurity.com.pe\/store\/?post_type=product&#038;p=20305"},"modified":"2026-04-16T20:50:30","modified_gmt":"2026-04-16T18:50:30","slug":"camara-doble-lente-movil-2-0-mp-1080p-c-audio-ir-3m-en50155","status":"publish","type":"product","link":"https:\/\/alertasecurity.com.pe\/store\/product\/camara-doble-lente-movil-2-0-mp-1080p-c-audio-ir-3m-en50155\/","title":{"rendered":"CAMARA DOBLE LENTE MOVIL | 2.0 MP | 1080P | C\/AUDIO | IR 3M | EN50155"},"content":{"rendered":"<h2>CAMARA DOBLE LENTE MOVIL | 2.0 MP | 1080P | C\/AUDIO | IR 3M | EN50155<\/h2>\n<p>C\u00f3digo: HAC-HMW3200L-FR<\/p>\n<ul>\n<li>Resoluci\u00f3n: 1080P<\/li>\n<li>NTSC: 1920(H) x 1080(V)<\/li>\n<li>Lentes: 2.1mm\/H: 109\u00b0; V: 58\u00b0 (Post.) 2.8mm\/H: 132\u00b0; V: 69\u00b0 (Frontal)<\/li>\n<li>AGC, HLC, BLC, DWDR, 2D-NR<\/li>\n<li>Smart IR 3m<\/li>\n<li>Iluminaci\u00f3n: 0.02Lux\/F2.0, 0Lux IR on<\/li>\n<li>Anti-shock<\/li>\n<li>Salida HDCVI (Conector Aviador)<\/li>\n<li>Micr\u00f3fono incorporado<\/li>\n<li>Alimentaci\u00f3n: 12VDC +\/- 25%<\/li>\n<li>Consumo: 2.4 Watt<\/li>\n<li>No incluye Fuente<\/li>\n<li>Cumple con Normativa EN50155 (Para soluciones m\u00f3viles)<\/li>\n<\/ul>\n","protected":false},"excerpt":{"rendered":"<p>Experimenta una soluci\u00f3n de vigilancia m\u00f3vil de video Full HD 1080p con la simplicidad de la infraestructura anal\u00f3gica. La c\u00e1mara m\u00f3vil est\u00e1 dise\u00f1ada con una carcasa compacta a prueba de golpes, lo que la hace conveniente de instalar y adaptable a diversas aplicaciones.<\/p>\n<p>Ofrece una imagen de alta calidad, as\u00ed como un OSD multiling\u00fce. Adem\u00e1s, la c\u00e1mara aprovecha las ventajas de HDCVI para garantizar una transmisi\u00f3n en tiempo real.<\/p>\n","protected":false},"featured_media":0,"comment_status":"closed","ping_status":"closed","template":"","meta":{"rs_blank_template":"","rs_page_bg_color":"","slide_template_v7":""},"product_brand":[],"product_cat":[267,266],"product_tag":[],"class_list":{"0":"post-20305","1":"product","2":"type-product","3":"status-publish","5":"product_cat-camaras-comunes","6":"product_cat-camaras-para-vehiculos","8":"first","9":"instock","10":"sale","11":"shipping-taxable","12":"purchasable","13":"product-type-simple"},"_links":{"self":[{"href":"https:\/\/alertasecurity.com.pe\/store\/wp-json\/wp\/v2\/product\/20305","targetHints":{"allow":["GET"]}}],"collection":[{"href":"https:\/\/alertasecurity.com.pe\/store\/wp-json\/wp\/v2\/product"}],"about":[{"href":"https:\/\/alertasecurity.com.pe\/store\/wp-json\/wp\/v2\/types\/product"}],"replies":[{"embeddable":true,"href":"https:\/\/alertasecurity.com.pe\/store\/wp-json\/wp\/v2\/comments?post=20305"}],"version-history":[{"count":1,"href":"https:\/\/alertasecurity.com.pe\/store\/wp-json\/wp\/v2\/product\/20305\/revisions"}],"predecessor-version":[{"id":20335,"href":"https:\/\/alertasecurity.com.pe\/store\/wp-json\/wp\/v2\/product\/20305\/revisions\/20335"}],"wp:attachment":[{"href":"https:\/\/alertasecurity.com.pe\/store\/wp-json\/wp\/v2\/media?parent=20305"}],"wp:term":[{"taxonomy":"product_brand","embeddable":true,"href":"https:\/\/alertasecurity.com.pe\/store\/wp-json\/wp\/v2\/product_brand?post=20305"},{"taxonomy":"product_cat","embeddable":true,"href":"https:\/\/alertasecurity.com.pe\/store\/wp-json\/wp\/v2\/product_cat?post=20305"},{"taxonomy":"product_tag","embeddable":true,"href":"https:\/\/alertasecurity.com.pe\/store\/wp-json\/wp\/v2\/product_tag?post=20305"}],"curies":[{"name":"wp","href":"https:\/\/api.w.org\/{rel}","templated":true}]}}