{"id":20299,"date":"2026-04-16T20:50:27","date_gmt":"2026-04-16T18:50:27","guid":{"rendered":"https:\/\/alertasecurity.com.pe\/store\/?post_type=product&#038;p=20299"},"modified":"2026-04-16T20:50:30","modified_gmt":"2026-04-16T18:50:30","slug":"fisheye-antivandalica-360-8mp-4k-ultra-hd-ir-15m-wdr-ip67-ik10","status":"publish","type":"product","link":"https:\/\/alertasecurity.com.pe\/store\/product\/fisheye-antivandalica-360-8mp-4k-ultra-hd-ir-15m-wdr-ip67-ik10\/","title":{"rendered":"FISHEYE ANTIVANDALICA | 360\u00b0 | 8MP| 4K Ultra HD | IR 15M | WDR | IP67 | IK10"},"content":{"rendered":"<h2>FISHEYE ANTIVANDALICA | 360\u00b0 | 8MP| 4K Ultra HD | IR 15M | WDR | IP67 | IK10<\/h2>\n<p>C\u00f3digo: HAC-EBW3802<\/p>\n<ul>\n<li>Resoluci\u00f3n: 8MP<\/li>\n<li>NTSC: 3840(H)\u00d72160(V)<\/li>\n<li>Lente : 2.5mm<\/li>\n<li>WDR (120dB)<\/li>\n<li>AWB, AGC, BLC, 3D-NR<\/li>\n<li>Iluminaci\u00f3n: 0.01Lux\/F2.0 (Color), 0lux IR on<\/li>\n<li>Velocidad de Obturador: 1\/3s a 1\/100,000s<\/li>\n<li>Alarma 2\/1<\/li>\n<li>Micr\u00f3fono Incorporado<\/li>\n<li>Alimentaci\u00f3n: 12VDC<\/li>\n<li>Consumo: 7.4 Watt<\/li>\n<li>IP67&amp;IK10<\/li>\n<li>No incluye Fuente<\/li>\n<\/ul>\n","protected":false},"excerpt":{"rendered":"<p>La c\u00e1mara HDCVI de ojo de pez 4K adopta un objetivo panor\u00e1mico de ojo de pez y un sensor de imagen de alto rendimiento de 8MP de 1\/2&#8243;, as\u00ed como un rango IR de 15m, lo que permite una visi\u00f3n completa y detalles de imagen superiores con una resoluci\u00f3n de 4K. Esto facilita la recopilaci\u00f3n de pruebas en cualquier momento del d\u00eda para una reproducci\u00f3n y an\u00e1lisis efectivos.<\/p>\n<p>Con el uso de algoritmos avanzados, se encuentran disponibles m\u00e1s de 10 modos de desviaci\u00f3n en el XVR (modelos selectos) y el cliente m\u00f3vil. Su vista panor\u00e1mica y resoluci\u00f3n de 4K hacen que la c\u00e1mara sea una opci\u00f3n ideal para empresas de gran tama\u00f1o y lugares como aeropuertos, estadios, estacionamientos y centros comerciales.<\/p>\n","protected":false},"featured_media":0,"comment_status":"closed","ping_status":"closed","template":"","meta":{"rs_blank_template":"","rs_page_bg_color":"","slide_template_v7":""},"product_brand":[],"product_cat":[254,275,276],"product_tag":[],"class_list":{"0":"post-20299","1":"product","2":"type-product","3":"status-publish","5":"product_cat-camaras-ip","6":"product_cat-camaras-ip-especiales","7":"product_cat-panoramicas-360","9":"first","10":"instock","11":"sale","12":"shipping-taxable","13":"purchasable","14":"product-type-simple"},"_links":{"self":[{"href":"https:\/\/alertasecurity.com.pe\/store\/wp-json\/wp\/v2\/product\/20299","targetHints":{"allow":["GET"]}}],"collection":[{"href":"https:\/\/alertasecurity.com.pe\/store\/wp-json\/wp\/v2\/product"}],"about":[{"href":"https:\/\/alertasecurity.com.pe\/store\/wp-json\/wp\/v2\/types\/product"}],"replies":[{"embeddable":true,"href":"https:\/\/alertasecurity.com.pe\/store\/wp-json\/wp\/v2\/comments?post=20299"}],"version-history":[{"count":1,"href":"https:\/\/alertasecurity.com.pe\/store\/wp-json\/wp\/v2\/product\/20299\/revisions"}],"predecessor-version":[{"id":20329,"href":"https:\/\/alertasecurity.com.pe\/store\/wp-json\/wp\/v2\/product\/20299\/revisions\/20329"}],"wp:attachment":[{"href":"https:\/\/alertasecurity.com.pe\/store\/wp-json\/wp\/v2\/media?parent=20299"}],"wp:term":[{"taxonomy":"product_brand","embeddable":true,"href":"https:\/\/alertasecurity.com.pe\/store\/wp-json\/wp\/v2\/product_brand?post=20299"},{"taxonomy":"product_cat","embeddable":true,"href":"https:\/\/alertasecurity.com.pe\/store\/wp-json\/wp\/v2\/product_cat?post=20299"},{"taxonomy":"product_tag","embeddable":true,"href":"https:\/\/alertasecurity.com.pe\/store\/wp-json\/wp\/v2\/product_tag?post=20299"}],"curies":[{"name":"wp","href":"https:\/\/api.w.org\/{rel}","templated":true}]}}