{"id":20123,"date":"2026-04-16T20:50:00","date_gmt":"2026-04-16T18:50:00","guid":{"rendered":"https:\/\/alertasecurity.com.pe\/store\/?post_type=product&#038;p=20123"},"modified":"2026-04-16T20:50:05","modified_gmt":"2026-04-16T18:50:05","slug":"shock-sensor","status":"publish","type":"product","link":"https:\/\/alertasecurity.com.pe\/store\/product\/shock-sensor\/","title":{"rendered":"Shock Sensor"},"content":{"rendered":"<h2>Shock Sensor<\/h2>\n<p>Este sensor de choque con conector negro es para GPS103A + TK103A + GPS103B + TK103B + GPS105A GPS105B TK105A TK105B solamente, no apto para GPS103A GPS103B TK103A TK103B, el de GPS103A GPS103B TK103A TK103B con conector blanco.<\/p>\n<p><span data-spm-anchor-id=\"a2g0o.detail.1000023.i3.44de5b86wa1nhG\">1. Con el LED de salida de se\u00f1al indica<br \/>\n<\/span>2. Con orificios de montaje para una f\u00e1cil instalaci\u00f3n, y flexible<br \/>\n3.. Se\u00f1al de salida \u00fanica, detecta el retardo de salida de la se\u00f1al de vibraci\u00f3n 1S<br \/>\n4. La se\u00f1al de salida es un microcontrolador de baja efectividad y se puede acceder a ella<br \/>\n<span data-spm-anchor-id=\"a2g0o.detail.1000023.i2.44de5b86wa1nhG\">5. La sensibilidad de detecci\u00f3n de vibraci\u00f3n se puede ajustar<\/span><\/p>\n","protected":false},"excerpt":{"rendered":"<p>Sensor de vibraci\u00f3n del sensor de choque original para el localizador de rastreadores GPS Coban GPS103A + TK103A + GPS103B + TK103B + GPS105A GPS105B TK105A TK105<\/p>\n","protected":false},"featured_media":0,"comment_status":"closed","ping_status":"closed","template":"","meta":{"rs_blank_template":"","rs_page_bg_color":"","slide_template_v7":""},"product_brand":[],"product_cat":[265,259],"product_tag":[],"class_list":{"0":"post-20123","1":"product","2":"type-product","3":"status-publish","5":"product_cat-accesorios-gps","6":"product_cat-rastreo-satelital-gps","8":"first","9":"instock","10":"shipping-taxable","11":"purchasable","12":"product-type-simple"},"_links":{"self":[{"href":"https:\/\/alertasecurity.com.pe\/store\/wp-json\/wp\/v2\/product\/20123","targetHints":{"allow":["GET"]}}],"collection":[{"href":"https:\/\/alertasecurity.com.pe\/store\/wp-json\/wp\/v2\/product"}],"about":[{"href":"https:\/\/alertasecurity.com.pe\/store\/wp-json\/wp\/v2\/types\/product"}],"replies":[{"embeddable":true,"href":"https:\/\/alertasecurity.com.pe\/store\/wp-json\/wp\/v2\/comments?post=20123"}],"version-history":[{"count":1,"href":"https:\/\/alertasecurity.com.pe\/store\/wp-json\/wp\/v2\/product\/20123\/revisions"}],"predecessor-version":[{"id":20153,"href":"https:\/\/alertasecurity.com.pe\/store\/wp-json\/wp\/v2\/product\/20123\/revisions\/20153"}],"wp:attachment":[{"href":"https:\/\/alertasecurity.com.pe\/store\/wp-json\/wp\/v2\/media?parent=20123"}],"wp:term":[{"taxonomy":"product_brand","embeddable":true,"href":"https:\/\/alertasecurity.com.pe\/store\/wp-json\/wp\/v2\/product_brand?post=20123"},{"taxonomy":"product_cat","embeddable":true,"href":"https:\/\/alertasecurity.com.pe\/store\/wp-json\/wp\/v2\/product_cat?post=20123"},{"taxonomy":"product_tag","embeddable":true,"href":"https:\/\/alertasecurity.com.pe\/store\/wp-json\/wp\/v2\/product_tag?post=20123"}],"curies":[{"name":"wp","href":"https:\/\/api.w.org\/{rel}","templated":true}]}}