{"id":20121,"date":"2026-04-16T20:49:59","date_gmt":"2026-04-16T18:49:59","guid":{"rendered":"https:\/\/alertasecurity.com.pe\/store\/?post_type=product&#038;p=20121"},"modified":"2026-04-16T20:50:04","modified_gmt":"2026-04-16T18:50:04","slug":"anti-jammer-inmovilizador","status":"publish","type":"product","link":"https:\/\/alertasecurity.com.pe\/store\/product\/anti-jammer-inmovilizador\/","title":{"rendered":"Anti Jammer \u2013 Inmovilizador"},"content":{"rendered":"<h2 class=\"product_title entry-title wd-entities-title\">Anti Jammer \u2013 Inmovilizador<\/h2>\n<p>Equipo anti jammer \u2013 anti inhibidores de GPS<\/p>\n<table width=\"1033\">\n<tbody>\n<tr>\n<td width=\"294\">N\u00ba de Modelo.<\/td>\n<td width=\"294\">ANT100<\/td>\n<\/tr>\n<tr>\n<td width=\"294\">tensi\u00f3n de trabajo<\/td>\n<td width=\"294\">12V<\/td>\n<\/tr>\n<tr>\n<td width=\"294\">caracteristicas<\/td>\n<td width=\"294\">Cortar energ\u00eda el\u00e9ctrica si detecta se\u00f1al de interferencia<\/td>\n<\/tr>\n<tr>\n<td width=\"294\">peso bruto unico<\/td>\n<td width=\"294\">0,3 kg<\/td>\n<\/tr>\n<\/tbody>\n<\/table>\n","protected":false},"excerpt":{"rendered":"<p>Detector de bloqueadores de se\u00f1al celular y satelital, Anti Jammer, inmovilizador.<\/p>\n","protected":false},"featured_media":0,"comment_status":"closed","ping_status":"closed","template":"","meta":{"rs_blank_template":"","rs_page_bg_color":"","slide_template_v7":""},"product_brand":[],"product_cat":[265,259],"product_tag":[],"class_list":{"0":"post-20121","1":"product","2":"type-product","3":"status-publish","5":"product_cat-accesorios-gps","6":"product_cat-rastreo-satelital-gps","8":"first","9":"instock","10":"sale","11":"shipping-taxable","12":"purchasable","13":"product-type-simple"},"_links":{"self":[{"href":"https:\/\/alertasecurity.com.pe\/store\/wp-json\/wp\/v2\/product\/20121","targetHints":{"allow":["GET"]}}],"collection":[{"href":"https:\/\/alertasecurity.com.pe\/store\/wp-json\/wp\/v2\/product"}],"about":[{"href":"https:\/\/alertasecurity.com.pe\/store\/wp-json\/wp\/v2\/types\/product"}],"replies":[{"embeddable":true,"href":"https:\/\/alertasecurity.com.pe\/store\/wp-json\/wp\/v2\/comments?post=20121"}],"version-history":[{"count":1,"href":"https:\/\/alertasecurity.com.pe\/store\/wp-json\/wp\/v2\/product\/20121\/revisions"}],"predecessor-version":[{"id":20151,"href":"https:\/\/alertasecurity.com.pe\/store\/wp-json\/wp\/v2\/product\/20121\/revisions\/20151"}],"wp:attachment":[{"href":"https:\/\/alertasecurity.com.pe\/store\/wp-json\/wp\/v2\/media?parent=20121"}],"wp:term":[{"taxonomy":"product_brand","embeddable":true,"href":"https:\/\/alertasecurity.com.pe\/store\/wp-json\/wp\/v2\/product_brand?post=20121"},{"taxonomy":"product_cat","embeddable":true,"href":"https:\/\/alertasecurity.com.pe\/store\/wp-json\/wp\/v2\/product_cat?post=20121"},{"taxonomy":"product_tag","embeddable":true,"href":"https:\/\/alertasecurity.com.pe\/store\/wp-json\/wp\/v2\/product_tag?post=20121"}],"curies":[{"name":"wp","href":"https:\/\/api.w.org\/{rel}","templated":true}]}}