{"id":20120,"date":"2026-04-16T20:49:59","date_gmt":"2026-04-16T18:49:59","guid":{"rendered":"https:\/\/alertasecurity.com.pe\/store\/?post_type=product&#038;p=20120"},"modified":"2026-04-16T20:50:04","modified_gmt":"2026-04-16T18:50:04","slug":"candado-satelital-gps-jt709a-4g","status":"publish","type":"product","link":"https:\/\/alertasecurity.com.pe\/store\/product\/candado-satelital-gps-jt709a-4g\/","title":{"rendered":"CANDADO SATELITAL GPS JT709A 4G"},"content":{"rendered":"<h2>CANDADO SATELITAL GPS JT709A 4G<\/h2>\n<p>C\u00f3digo: JT709A<\/p>\n<table class=\"woocommerce-product-attributes shop_attributes\" style=\"height: 151px;\" width=\"469\">\n<tbody>\n<tr class=\"woocommerce-product-attributes-item woocommerce-product-attributes-item--attribute_pa_tipo-de-unidad\">\n<th class=\"woocommerce-product-attributes-item__label\" style=\"text-align: left;\">Tipo de unidad<\/th>\n<td class=\"woocommerce-product-attributes-item__value\" style=\"text-align: left;\">Candado inteligente GPS<\/td>\n<\/tr>\n<tr class=\"woocommerce-product-attributes-item woocommerce-product-attributes-item--attribute_pa_comunicacion-celular\">\n<th class=\"woocommerce-product-attributes-item__label\" style=\"text-align: left;\">Comunicaci\u00f3n Celular<\/th>\n<td class=\"woocommerce-product-attributes-item__value\">2G, 4G<\/td>\n<\/tr>\n<tr class=\"woocommerce-product-attributes-item woocommerce-product-attributes-item--attribute_pa_inputs-outputs\">\n<th class=\"woocommerce-product-attributes-item__label\" style=\"text-align: left;\">Inputs \/ Outputs<\/th>\n<td class=\"woocommerce-product-attributes-item__value\" style=\"text-align: left;\">No aplica<\/td>\n<\/tr>\n<tr class=\"woocommerce-product-attributes-item woocommerce-product-attributes-item--attribute_pa_grado-de-proteccion\">\n<th class=\"woocommerce-product-attributes-item__label\" style=\"text-align: left;\">Grado de protecci\u00f3n<\/th>\n<td class=\"woocommerce-product-attributes-item__value\">IP67<\/td>\n<\/tr>\n<tr class=\"woocommerce-product-attributes-item woocommerce-product-attributes-item--attribute_pa_bateria-de-respaldo\">\n<th class=\"woocommerce-product-attributes-item__label\" style=\"text-align: left;\">Bater\u00eda de Respaldo<\/th>\n<td class=\"woocommerce-product-attributes-item__value\">Si<\/td>\n<\/tr>\n<tr class=\"woocommerce-product-attributes-item woocommerce-product-attributes-item--attribute_pa_rfid\">\n<th class=\"woocommerce-product-attributes-item__label\" style=\"text-align: left;\">RFID<\/th>\n<td class=\"woocommerce-product-attributes-item__value\">Si<\/td>\n<\/tr>\n<tr class=\"woocommerce-product-attributes-item woocommerce-product-attributes-item--attribute_pa_bluetooth\">\n<th class=\"woocommerce-product-attributes-item__label\" style=\"text-align: left;\">Bluetooth<\/th>\n<td class=\"woocommerce-product-attributes-item__value\" style=\"text-align: left;\">Ble<\/td>\n<\/tr>\n<\/tbody>\n<\/table>\n","protected":false},"excerpt":{"rendered":"<p>El candado de seguridad de carga JT709A es un candado de seguimiento de sello electr\u00f3nico GPS inteligente, desarrollado para el control remoto de seguridad log\u00edstico de activos de Carga inteligente. Su tama\u00f1o inteligente que puede sostener f\u00e1cilmente en una mano bienvenida por los clientes y los operadores de campo. Mientras tanto, su m\u00e9todo de desbloqueo m\u00faltiple habilitado, tarjeta RFID, o aplicaci\u00f3n de tel\u00e9fono cercana (diente azul), o SMS remotos de alta seguridad, control remoto de plataforma, etc.<\/p>\n","protected":false},"featured_media":0,"comment_status":"closed","ping_status":"closed","template":"","meta":{"rs_blank_template":"","rs_page_bg_color":"","slide_template_v7":""},"product_brand":[],"product_cat":[264,259],"product_tag":[],"class_list":{"0":"post-20120","1":"product","2":"type-product","3":"status-publish","5":"product_cat-candado-gps","6":"product_cat-rastreo-satelital-gps","8":"first","9":"instock","10":"shipping-taxable","11":"purchasable","12":"product-type-simple"},"_links":{"self":[{"href":"https:\/\/alertasecurity.com.pe\/store\/wp-json\/wp\/v2\/product\/20120","targetHints":{"allow":["GET"]}}],"collection":[{"href":"https:\/\/alertasecurity.com.pe\/store\/wp-json\/wp\/v2\/product"}],"about":[{"href":"https:\/\/alertasecurity.com.pe\/store\/wp-json\/wp\/v2\/types\/product"}],"replies":[{"embeddable":true,"href":"https:\/\/alertasecurity.com.pe\/store\/wp-json\/wp\/v2\/comments?post=20120"}],"version-history":[{"count":1,"href":"https:\/\/alertasecurity.com.pe\/store\/wp-json\/wp\/v2\/product\/20120\/revisions"}],"predecessor-version":[{"id":20150,"href":"https:\/\/alertasecurity.com.pe\/store\/wp-json\/wp\/v2\/product\/20120\/revisions\/20150"}],"wp:attachment":[{"href":"https:\/\/alertasecurity.com.pe\/store\/wp-json\/wp\/v2\/media?parent=20120"}],"wp:term":[{"taxonomy":"product_brand","embeddable":true,"href":"https:\/\/alertasecurity.com.pe\/store\/wp-json\/wp\/v2\/product_brand?post=20120"},{"taxonomy":"product_cat","embeddable":true,"href":"https:\/\/alertasecurity.com.pe\/store\/wp-json\/wp\/v2\/product_cat?post=20120"},{"taxonomy":"product_tag","embeddable":true,"href":"https:\/\/alertasecurity.com.pe\/store\/wp-json\/wp\/v2\/product_tag?post=20120"}],"curies":[{"name":"wp","href":"https:\/\/api.w.org\/{rel}","templated":true}]}}